{"id":2,"date":"2015-09-16T04:24:25","date_gmt":"2015-09-16T04:24:25","guid":{"rendered":"http:\/\/wp431m.a10-52-158-154.qa.plesk.ru\/wordpress\/?page_id=2"},"modified":"2023-08-01T17:42:14","modified_gmt":"2023-08-01T17:42:14","slug":"sample-page","status":"publish","type":"page","link":"https:\/\/inkubatorinnowacji.org\/","title":{"rendered":"Kim jeste\u015bmy?"},"content":{"rendered":"<p><span>Konstancin-Jeziorna jest dla nas miejscem szczeg\u00f3lnym. Niestety aktywno\u015b\u0107 organizacji pozarz\u0105dowych na tym terenie jest niewielka. Wed\u0142ug nas brakuje tam przede wszystkim ciekawych i bezp\u0142atnych propozycji sp\u0119dzania wolnego czasu dla dzieci i m\u0142odzie\u017cy oraz senior\u00f3w. Dlatego staramy si\u0119 prowadzi\u0107 dzia\u0142ania dla mieszkaj\u0105cej tam lokalnej spo\u0142eczno\u015bci. <a href=\"http:\/\/kagmar.webd.pro\/inkubatorinnowacji\/?p=961\">Czytaj wi\u0119cej<\/a><\/span><\/p>\n\n\n<p><\/p>\n","protected":false},"excerpt":{"rendered":"<p>Konstancin-Jeziorna jest dla nas miejscem szczeg\u00f3lnym. Niestety aktywno\u015b\u0107 organizacji pozarz\u0105dowych na tym terenie jest niewielka. Wed\u0142ug nas brakuje tam przede wszystkim ciekawych i bezp\u0142atnych propozycji sp\u0119dzania wolnego czasu dla dzieci i m\u0142odzie\u017cy oraz senior\u00f3w. Dlatego staramy si\u0119 prowadzi\u0107 dzia\u0142ania dla mieszkaj\u0105cej tam lokalnej spo\u0142eczno\u015bci. Czytaj wi\u0119cej<\/p>\n","protected":false},"author":1,"featured_media":1005,"parent":0,"menu_order":0,"comment_status":"closed","ping_status":"open","template":"","meta":[],"_links":{"self":[{"href":"https:\/\/inkubatorinnowacji.org\/index.php?rest_route=\/wp\/v2\/pages\/2"}],"collection":[{"href":"https:\/\/inkubatorinnowacji.org\/index.php?rest_route=\/wp\/v2\/pages"}],"about":[{"href":"https:\/\/inkubatorinnowacji.org\/index.php?rest_route=\/wp\/v2\/types\/page"}],"author":[{"embeddable":true,"href":"https:\/\/inkubatorinnowacji.org\/index.php?rest_route=\/wp\/v2\/users\/1"}],"replies":[{"embeddable":true,"href":"https:\/\/inkubatorinnowacji.org\/index.php?rest_route=%2Fwp%2Fv2%2Fcomments&post=2"}],"version-history":[{"count":7,"href":"https:\/\/inkubatorinnowacji.org\/index.php?rest_route=\/wp\/v2\/pages\/2\/revisions"}],"predecessor-version":[{"id":1543,"href":"https:\/\/inkubatorinnowacji.org\/index.php?rest_route=\/wp\/v2\/pages\/2\/revisions\/1543"}],"wp:featuredmedia":[{"embeddable":true,"href":"https:\/\/inkubatorinnowacji.org\/index.php?rest_route=\/wp\/v2\/media\/1005"}],"wp:attachment":[{"href":"https:\/\/inkubatorinnowacji.org\/index.php?rest_route=%2Fwp%2Fv2%2Fmedia&parent=2"}],"curies":[{"name":"wp","href":"https:\/\/api.w.org\/{rel}","templated":true}]}}